{"id":14,"date":"2020-02-24T13:59:02","date_gmt":"2020-02-24T12:59:02","guid":{"rendered":"http:\/\/hundesport-rehwiese.com\/soeren\/?page_id=14"},"modified":"2021-01-02T11:58:30","modified_gmt":"2021-01-02T10:58:30","slug":"startseite","status":"publish","type":"page","link":"https:\/\/hundesport-rehwiese.com\/soeren\/","title":{"rendered":"<h2>HSV Duisburg-Rehwiese e.V.<\/h2>"},"content":{"rendered":"<h3><strong>Herzlich Willkommen auf der Internetseite des HSV Duisburg-Rehwiese e.V.<\/strong><\/h3>\n<h4><span style=\"color: #003300;\"><strong><em>Aktuelle Informationen:<\/em><\/strong><\/span><\/h4>\n<p><em>Aufgrund der aktuellen Corona Verordnung stellen wir den Trainingsbetrieb am 01.11.2020 bis auf weiteres ein.<br \/><\/em><\/p>\n<p><em>\u00dcber den Zeitpunkt einer Wiederaufnahme des Trainingsbetriebs werden wir Sie hier und auf unserer Facebook Seite informieren.<\/em><\/p>\n<p><span style=\"color: #ff0000;\"><strong>Durch die Umbauma\u00dfnahmen des Dickelsbach ist der Zugang zu unserem Gel\u00e4nde erschwert und kann sich t\u00e4glich \u00e4ndern. Aktuell ist der Eingang weiterhin an der Bachseite und der Ausgang zur Waldseite zu nutzen.<br \/><\/strong><strong>Der Vorstand<\/strong><\/span><\/p>\n<p>Wir sind seit 70 Jahren der Hundesportverein im Duisburger S\u00fcden f\u00fcr alle Hundehalter, die ihre Freizeit aktiv und m\u00f6glichst sportlich \u00a0mit dem Partner Hund verbringen wollen.\u00a0 Unser Ausbildungs- und Sportangebot richtet sich an alle Hundehalter, egal ob 8 oder 80. Wenn Sie Sport mit Hund interessiert, egal ob \u201ejust for fun\u201c oder leistungsorientiert, wir haben bestimmt etwas Passendes f\u00fcr Sie.<\/p>\n<p>Wollen Sie uns kennenlernen oder Kontakt mit uns aufnehmen? Informationen \u00fcber unseren Verein und unser Angebot finden Sie in den einzelnen Rubriken unserer Internetseite, ab sofort auch auf unserer Facebookseite (Einzelheiten unter Kontakte).<\/p>\n\n\n<div class=\"wp-block-image\"><figure class=\"aligncenter size-large is-resized\"><img loading=\"lazy\" src=\"https:\/\/hundesport-rehwiese.com\/soeren\/wp-content\/uploads\/2021\/01\/IMG-20201220-WA0006-473x1024.jpg\" alt=\"\" class=\"wp-image-848\" width=\"355\" height=\"768\" srcset=\"https:\/\/hundesport-rehwiese.com\/soeren\/wp-content\/uploads\/2021\/01\/IMG-20201220-WA0006-473x1024.jpg 473w, https:\/\/hundesport-rehwiese.com\/soeren\/wp-content\/uploads\/2021\/01\/IMG-20201220-WA0006-139x300.jpg 139w, https:\/\/hundesport-rehwiese.com\/soeren\/wp-content\/uploads\/2021\/01\/IMG-20201220-WA0006-709x1536.jpg 709w, https:\/\/hundesport-rehwiese.com\/soeren\/wp-content\/uploads\/2021\/01\/IMG-20201220-WA0006.jpg 739w\" sizes=\"(max-width: 355px) 100vw, 355px\" \/><figcaption>Wenigstens bl\u00fcht es auf der Rehweiese, auch im Dezember 2020<\/figcaption><\/figure><\/div>\n\n\n\n<p><strong>Sie finden uns zu Trainingszeiten an folgendem Standort:<\/strong><\/p>\n\n\n\n<div id=\"wpgmza_map\" data-settings='{\"id\":\"1\",\"map_title\":\"Meine erste Karte\",\"map_width\":\"100\",\"map_height\":\"400\",\"map_start_lat\":\"51.391217\",\"map_start_lng\":\"6.786246\",\"map_start_location\":\"51.391216541000006,6.78624629974\",\"map_start_zoom\":\"16\",\"default_marker\":\"0\",\"type\":\"3\",\"alignment\":\"4\",\"directions_enabled\":\"1\",\"styling_enabled\":\"0\",\"styling_json\":\"\",\"active\":\"0\",\"kml\":\"\",\"bicycle\":\"2\",\"traffic\":\"2\",\"dbox\":\"1\",\"dbox_width\":\"100\",\"listmarkers\":\"0\",\"listmarkers_advanced\":\"0\",\"filterbycat\":\"0\",\"ugm_enabled\":\"0\",\"ugm_category_enabled\":\"0\",\"fusion\":\"\",\"map_width_type\":\"\\\\%\",\"map_height_type\":\"px\",\"mass_marker_support\":\"1\",\"ugm_access\":\"0\",\"order_markers_by\":\"1\",\"order_markers_choice\":\"2\",\"show_user_location\":\"0\",\"default_to\":\"\",\"other_settings\":{\"store_locator_enabled\":2,\"store_locator_distance\":2,\"store_locator_default_radius\":10,\"store_locator_not_found_message\":\"No results found in this location. Please try again.\",\"store_locator_bounce\":1,\"store_locator_query_string\":\"ZIP \\\/ Address:\",\"store_locator_default_address\":\"\",\"wpgmza_store_locator_restrict\":\"\",\"wpgmza_store_locator_radius_style\":\"modern\",\"map_max_zoom\":\"1\",\"transport_layer\":2,\"wpgmza_show_points_of_interest\":0,\"wpgmza_auto_night\":0}}' data-shortcode-attributes='{\"id\":\"1\"}' style=\"display:block; overflow:auto; width:100%; height:400px; \"><\/div>\n","protected":false},"excerpt":{"rendered":"<p>Herzlich Willkommen auf der Internetseite des HSV Duisburg-Rehwiese e.V. Aktuelle Informationen: Aufgrund der aktuellen Corona Verordnung stellen wir den Trainingsbetrieb am 01.11.2020 bis auf weiteres ein. \u00dcber den Zeitpunkt einer Wiederaufnahme des Trainingsbetriebs werden wir Sie hier und auf unserer Facebook Seite informieren. Durch die Umbauma\u00dfnahmen des Dickelsbach ist der Zugang zu unserem Gel\u00e4nde erschwert &hellip; <\/p>\n<p class=\"link-more\"><a href=\"https:\/\/hundesport-rehwiese.com\/soeren\/\" class=\"more-link\"><span class=\"screen-reader-text\">\u201e<\/p>\n<h2>HSV Duisburg-Rehwiese e.V.<\/h2>\n<p>\u201c<\/span> weiterlesen<\/a><\/p>\n","protected":false},"author":1,"featured_media":0,"parent":0,"menu_order":0,"comment_status":"closed","ping_status":"closed","template":"","meta":[],"yoast_head":"<!-- This site is optimized with the Yoast SEO plugin v15.5 - https:\/\/yoast.com\/wordpress\/plugins\/seo\/ -->\n<title>HSV Duisburg-Rehwiese e.V. - HSV Duisburg-Rehwiese e.v.<\/title>\n<meta name=\"robots\" content=\"noindex, follow\" \/>\n<meta property=\"og:locale\" content=\"de_DE\" \/>\n<meta property=\"og:type\" content=\"article\" \/>\n<meta property=\"og:title\" content=\"HSV Duisburg-Rehwiese e.V. - HSV Duisburg-Rehwiese e.v.\" \/>\n<meta property=\"og:description\" content=\"Herzlich Willkommen auf der Internetseite des HSV Duisburg-Rehwiese e.V. Aktuelle Informationen: Aufgrund der aktuellen Corona Verordnung stellen wir den Trainingsbetrieb am 01.11.2020 bis auf weiteres ein. \u00dcber den Zeitpunkt einer Wiederaufnahme des Trainingsbetriebs werden wir Sie hier und auf unserer Facebook Seite informieren. Durch die Umbauma\u00dfnahmen des Dickelsbach ist der Zugang zu unserem Gel\u00e4nde erschwert &hellip; \u201eHSV Duisburg-Rehwiese e.V.\u201c weiterlesen\" \/>\n<meta property=\"og:url\" content=\"http:\/\/hundesport-rehwiese.com\/soeren\/\" \/>\n<meta property=\"og:site_name\" content=\"HSV Duisburg-Rehwiese e.v.\" \/>\n<meta property=\"article:modified_time\" content=\"2021-01-02T10:58:30+00:00\" \/>\n<meta property=\"og:image\" content=\"https:\/\/hundesport-rehwiese.com\/soeren\/wp-content\/uploads\/2021\/01\/IMG-20201220-WA0006-473x1024.jpg\" \/>\n<meta name=\"twitter:card\" content=\"summary_large_image\" \/>\n<meta name=\"twitter:label1\" content=\"Gesch\u00e4tzte Lesezeit\">\n\t<meta name=\"twitter:data1\" content=\"1\u00a0Minute\">\n<script type=\"application\/ld+json\" class=\"yoast-schema-graph\">{\"@context\":\"https:\/\/schema.org\",\"@graph\":[{\"@type\":\"WebSite\",\"@id\":\"https:\/\/hundesport-rehwiese.com\/soeren\/#website\",\"url\":\"https:\/\/hundesport-rehwiese.com\/soeren\/\",\"name\":\"hundesport-rehwiese.com\",\"description\":\"Hundesport in Duisburg\",\"potentialAction\":[{\"@type\":\"SearchAction\",\"target\":\"https:\/\/hundesport-rehwiese.com\/soeren\/?s={search_term_string}\",\"query-input\":\"required name=search_term_string\"}],\"inLanguage\":\"de\"},{\"@type\":\"ImageObject\",\"@id\":\"http:\/\/hundesport-rehwiese.com\/soeren\/#primaryimage\",\"inLanguage\":\"de\",\"url\":\"https:\/\/hundesport-rehwiese.com\/soeren\/wp-content\/uploads\/2021\/01\/IMG-20201220-WA0006-473x1024.jpg\"},{\"@type\":\"WebPage\",\"@id\":\"http:\/\/hundesport-rehwiese.com\/soeren\/#webpage\",\"url\":\"http:\/\/hundesport-rehwiese.com\/soeren\/\",\"name\":\"HSV Duisburg-Rehwiese e.V. - HSV Duisburg-Rehwiese e.v.\",\"isPartOf\":{\"@id\":\"https:\/\/hundesport-rehwiese.com\/soeren\/#website\"},\"primaryImageOfPage\":{\"@id\":\"http:\/\/hundesport-rehwiese.com\/soeren\/#primaryimage\"},\"datePublished\":\"2020-02-24T12:59:02+00:00\",\"dateModified\":\"2021-01-02T10:58:30+00:00\",\"inLanguage\":\"de\",\"potentialAction\":[{\"@type\":\"ReadAction\",\"target\":[\"http:\/\/hundesport-rehwiese.com\/soeren\/\"]}]}]}<\/script>\n<!-- \/ Yoast SEO plugin. -->","_links":{"self":[{"href":"https:\/\/hundesport-rehwiese.com\/soeren\/wp-json\/wp\/v2\/pages\/14"}],"collection":[{"href":"https:\/\/hundesport-rehwiese.com\/soeren\/wp-json\/wp\/v2\/pages"}],"about":[{"href":"https:\/\/hundesport-rehwiese.com\/soeren\/wp-json\/wp\/v2\/types\/page"}],"author":[{"embeddable":true,"href":"https:\/\/hundesport-rehwiese.com\/soeren\/wp-json\/wp\/v2\/users\/1"}],"replies":[{"embeddable":true,"href":"https:\/\/hundesport-rehwiese.com\/soeren\/wp-json\/wp\/v2\/comments?post=14"}],"version-history":[{"count":9,"href":"https:\/\/hundesport-rehwiese.com\/soeren\/wp-json\/wp\/v2\/pages\/14\/revisions"}],"predecessor-version":[{"id":854,"href":"https:\/\/hundesport-rehwiese.com\/soeren\/wp-json\/wp\/v2\/pages\/14\/revisions\/854"}],"wp:attachment":[{"href":"https:\/\/hundesport-rehwiese.com\/soeren\/wp-json\/wp\/v2\/media?parent=14"}],"curies":[{"name":"wp","href":"https:\/\/api.w.org\/{rel}","templated":true}]}}