{"id":195,"date":"2020-02-24T18:44:31","date_gmt":"2020-02-24T17:44:31","guid":{"rendered":"http:\/\/hundesport-rehwiese.com\/soeren\/?page_id=195"},"modified":"2021-01-02T11:26:32","modified_gmt":"2021-01-02T10:26:32","slug":"welpen","status":"publish","type":"page","link":"https:\/\/hundesport-rehwiese.com\/soeren\/welpen\/","title":{"rendered":"Welpenstunde auf der Rehwiese"},"content":{"rendered":"\n<div class=\"wp-block-group\"><div class=\"wp-block-group__inner-container\">\n<div class=\"wp-block-nextend-smartslider3\"><\/div>\n<\/div><\/div>\n\n\n\n<p>Aufgrund unserer Erfahrungen der letzten Jahre haben wir die Welpenstunden auf ein Kurssystem umgestellt.<\/p>\n\n\n\n<p>Bei uns gibt es zwei feste Gruppen \u2013 Welpen 1 und 2, die jeweils 6 Wochen lang mit uns das Hunde-Einmaleins kennen lernen.<br>Die Gruppe Welpen 1 ist f\u00fcr Hunde von 10 \u2013 16 Wochen und findet Sonntags ab 11 Uhr statt.<br>Die Gruppe Welpen 2 ist gedacht f\u00fcr die Hunde ab der 17. Woche und findet Sonntags um 10 Uhr statt.<\/p>\n\n\n\n<p>Die n\u00e4chsten Kurse beginnen Anfang 2021. Anfragen hierzu bitte per mail an Sarah. (sarahbaeder@web.de)<\/p>\n\n\n\n<h4>Ein Welpe kommt ins Haus\u2026<\/h4>\n\n\n\n<h4>\u2026 und damit beginnt das Abenteuer Hund.<\/h4>\n\n\n\n<p>Neben dem h\u00e4uslichen Leben des kleinen Hundekindes ist es wichtig, so fr\u00fch wie m\u00f6glich mit der Ausbildung bzw. Erziehung des Welpen zu beginnen und seine sozialen Kontakte zu f\u00f6rdern. Der Welpe, der gerade seiner Familie (Mama und Geschwister) \u201eentrissen\u201c wurde, muss sich bei seiner neuen Familie eingew\u00f6hnen und seine neue Welt kennenlernen.<\/p>\n\n\n\n<p>Welpenspielstunde f\u00fcr den kleinen \u201eRacker\u201c:<\/p>\n\n\n\n<p>Wir bieten Ihnen eine Welpenspielstunde&nbsp; f\u00fcr Welpen von 10 Wochen bis ca. 5 Monate an.<\/p>\n\n\n\n<p>Ihre kleinen neuen Hausgenossen lernen hier spielerisch und ohne Gehorsamsdrill nahezu alle Verhaltensweisen, die f\u00fcr das k\u00fcnftige Leben bedeutsam sein k\u00f6nnen.<br>Das Welpenspiel f\u00f6rdert die Pr\u00e4gung und Sozialisierung des Hundes mit seinen Artgenossen.<br>Es ist wichtig, mit gleichaltrigen Artgenossen herumzutoben, da erwachsende Hunde nicht in dem Ma\u00dfe mit dem \u201eJungvolk\u201c spielen wollen.<br>Auch gewinnt der Welpe Sicherheit und Selbstvertrauen, in dem er kleine Aufgaben, wie z.B. durch einen Tunnel kriechen, erfolgreich meistert.<br>Der Welpe wird behutsam an die verschiedensten optischen und akustischen Reize gew\u00f6hnt.<\/p>\n\n\n\n<p>Was der junge Hund in dieser wichtigen Pr\u00e4gungsphase lernt, vergisst er sein ganzes Leben nicht mehr.<br>Die Begegnung mit anderen Hunden wird sp\u00e4ter wesentlich problemloser ablaufen, wenn der junge Hund rechtzeitig die richtige Sozialisierung erfahren hat.<\/p>\n\n\n\n<p>Die geschulten \u00dcbungsleiter beantworten Ihnen gerne Ihre sicherlich vielf\u00e4ltigen Fragen, aber auch durch den Kontakt und Austausch mit anderen Hundebesitzern erfahren Sie viele Tipps und Kniffe \u00fcber Hundehaltung .<\/p>\n\n\n\n<p>WICHTIG : Die Erziehung Ihres Welpen beginnt mit der Sekunde, wo der Hund zu Ihnen nach Hause kommt !<\/p>\n\n\n\n<p><a href=\"http:\/\/www.hundesport-rehwiese.com\/?page_id=42\">Die Trainingszeiten finden Sie auf der Seite \u201eTrainingszeiten\u201c.<\/a><\/p>\n","protected":false},"excerpt":{"rendered":"<p>Aufgrund unserer Erfahrungen der letzten Jahre haben wir die Welpenstunden auf ein Kurssystem umgestellt. Bei uns gibt es zwei feste Gruppen \u2013 Welpen 1 und 2, die jeweils 6 Wochen lang mit uns das Hunde-Einmaleins kennen lernen.Die Gruppe Welpen 1 ist f\u00fcr Hunde von 10 \u2013 16 Wochen und findet Sonntags ab 11 Uhr statt.Die &hellip; <\/p>\n<p class=\"link-more\"><a href=\"https:\/\/hundesport-rehwiese.com\/soeren\/welpen\/\" class=\"more-link\"><span class=\"screen-reader-text\">\u201eWelpenstunde auf der Rehwiese\u201c<\/span> weiterlesen<\/a><\/p>\n","protected":false},"author":1,"featured_media":0,"parent":0,"menu_order":0,"comment_status":"closed","ping_status":"closed","template":"","meta":[],"yoast_head":"<!-- This site is optimized with the Yoast SEO plugin v15.5 - https:\/\/yoast.com\/wordpress\/plugins\/seo\/ -->\n<title>Welpenstunde auf der Rehwiese - HSV Duisburg-Rehwiese e.v.<\/title>\n<meta name=\"robots\" content=\"noindex, follow\" \/>\n<meta property=\"og:locale\" content=\"de_DE\" \/>\n<meta property=\"og:type\" content=\"article\" \/>\n<meta property=\"og:title\" content=\"Welpenstunde auf der Rehwiese - HSV Duisburg-Rehwiese e.v.\" \/>\n<meta property=\"og:description\" content=\"Aufgrund unserer Erfahrungen der letzten Jahre haben wir die Welpenstunden auf ein Kurssystem umgestellt. Bei uns gibt es zwei feste Gruppen \u2013 Welpen 1 und 2, die jeweils 6 Wochen lang mit uns das Hunde-Einmaleins kennen lernen.Die Gruppe Welpen 1 ist f\u00fcr Hunde von 10 \u2013 16 Wochen und findet Sonntags ab 11 Uhr statt.Die &hellip; \u201eWelpenstunde auf der Rehwiese\u201c weiterlesen\" \/>\n<meta property=\"og:url\" content=\"http:\/\/hundesport-rehwiese.com\/soeren\/welpen\/\" \/>\n<meta property=\"og:site_name\" content=\"HSV Duisburg-Rehwiese e.v.\" \/>\n<meta property=\"article:modified_time\" content=\"2021-01-02T10:26:32+00:00\" \/>\n<meta name=\"twitter:card\" content=\"summary_large_image\" \/>\n<meta name=\"twitter:label1\" content=\"Gesch\u00e4tzte Lesezeit\">\n\t<meta name=\"twitter:data1\" content=\"1\u00a0Minute\">\n<script type=\"application\/ld+json\" class=\"yoast-schema-graph\">{\"@context\":\"https:\/\/schema.org\",\"@graph\":[{\"@type\":\"WebSite\",\"@id\":\"https:\/\/hundesport-rehwiese.com\/soeren\/#website\",\"url\":\"https:\/\/hundesport-rehwiese.com\/soeren\/\",\"name\":\"hundesport-rehwiese.com\",\"description\":\"Hundesport in Duisburg\",\"potentialAction\":[{\"@type\":\"SearchAction\",\"target\":\"https:\/\/hundesport-rehwiese.com\/soeren\/?s={search_term_string}\",\"query-input\":\"required name=search_term_string\"}],\"inLanguage\":\"de\"},{\"@type\":\"WebPage\",\"@id\":\"http:\/\/hundesport-rehwiese.com\/soeren\/welpen\/#webpage\",\"url\":\"http:\/\/hundesport-rehwiese.com\/soeren\/welpen\/\",\"name\":\"Welpenstunde auf der Rehwiese - HSV Duisburg-Rehwiese e.v.\",\"isPartOf\":{\"@id\":\"https:\/\/hundesport-rehwiese.com\/soeren\/#website\"},\"datePublished\":\"2020-02-24T17:44:31+00:00\",\"dateModified\":\"2021-01-02T10:26:32+00:00\",\"inLanguage\":\"de\",\"potentialAction\":[{\"@type\":\"ReadAction\",\"target\":[\"http:\/\/hundesport-rehwiese.com\/soeren\/welpen\/\"]}]}]}<\/script>\n<!-- \/ Yoast SEO plugin. -->","_links":{"self":[{"href":"https:\/\/hundesport-rehwiese.com\/soeren\/wp-json\/wp\/v2\/pages\/195"}],"collection":[{"href":"https:\/\/hundesport-rehwiese.com\/soeren\/wp-json\/wp\/v2\/pages"}],"about":[{"href":"https:\/\/hundesport-rehwiese.com\/soeren\/wp-json\/wp\/v2\/types\/page"}],"author":[{"embeddable":true,"href":"https:\/\/hundesport-rehwiese.com\/soeren\/wp-json\/wp\/v2\/users\/1"}],"replies":[{"embeddable":true,"href":"https:\/\/hundesport-rehwiese.com\/soeren\/wp-json\/wp\/v2\/comments?post=195"}],"version-history":[{"count":7,"href":"https:\/\/hundesport-rehwiese.com\/soeren\/wp-json\/wp\/v2\/pages\/195\/revisions"}],"predecessor-version":[{"id":836,"href":"https:\/\/hundesport-rehwiese.com\/soeren\/wp-json\/wp\/v2\/pages\/195\/revisions\/836"}],"wp:attachment":[{"href":"https:\/\/hundesport-rehwiese.com\/soeren\/wp-json\/wp\/v2\/media?parent=195"}],"curies":[{"name":"wp","href":"https:\/\/api.w.org\/{rel}","templated":true}]}}