{"id":201,"date":"2020-02-24T18:44:55","date_gmt":"2020-02-24T17:44:55","guid":{"rendered":"http:\/\/hundesport-rehwiese.com\/soeren\/?page_id=201"},"modified":"2020-02-27T18:55:40","modified_gmt":"2020-02-27T17:55:40","slug":"anfahrt","status":"publish","type":"page","link":"https:\/\/hundesport-rehwiese.com\/soeren\/anfahrt\/","title":{"rendered":"<h2>So finden Sie den Weg zum Hundesportverein<\/h2>"},"content":{"rendered":"\n<h4><strong>Mit dem Auto<\/strong><\/h4>\n\n\n\n<p>Aus Richtung Oberhausen ab A 42, Kreuz Hamborn abfahren auf die A 59 in Richtung D\u00fcsseldorf, Abfahrt Buchholz runter und links einordnen, an der Ampel links, erste M\u00f6glichkeit wieder links in die Sternstra\u00dfe (Tempo 30 Zone), die Sternstra\u00dfe bis zum Ende fahren und dann rechts in die Wedauer Stra\u00dfe einbiegen. Vor der kommenden Ampel einen Parkplatz suchen.<\/p>\n\n\n\n<p>Aus D\u00fcsseldorf kommend A3 bis zur Ausfahrt Duisburg-Wedau, links abbiegen, an der 1. Ampel wieder links, dann Geradeaus bis zur abknickenden Vorfahrt (Wedau-Bahnhof), dieser rechts folgend \u00fcber die \u00dcberf\u00fchrung zur n\u00e4chsten abknickenden Vorfahrt, dieser wieder (diesmal links) folgen und parallel zur Regattabahn bis zur n\u00e4chsten Ampel. Dort rechts abbiegen und dem Stra\u00dfenverlauf der Wedauer Stra\u00dfe \u00fcber die Kreuzung Kalkweg hinweg (Shell Tankstelle) folgen. Direkt hinter dem Hochhaus liegt unsere Platzanlage.<\/p>\n\n\n\n<p>Aus Oberhausen kommend A3 bis zur Ausfahrt Duisburg Wedau, links abbiegen, dann Geradeaus bis zur abknickenden Vorfahrt (Wedau-Bahnhof), dieser rechts folgend \u00fcber die \u00dcberf\u00fchrung zur n\u00e4chsten abknickenden Vorfahrt, dieser wieder (diesmal links) folgen und parallel zur Regattabahn bis zur n\u00e4chsten Ampel. Dort rechts abbiegen und dem Stra\u00dfen- verlauf der Wedauer Stra\u00dfe \u00fcber die Kreuzung Kalkweg hinweg (Shell Tankstelle) folgen. Direkt hinter dem Hochhaus liegt unsere Platzanlage.<\/p>\n\n\n\n<div id=\"wpgmza_map\" data-settings='{\"id\":\"1\",\"map_title\":\"Meine erste Karte\",\"map_width\":\"100\",\"map_height\":\"400\",\"map_start_lat\":\"51.391217\",\"map_start_lng\":\"6.786246\",\"map_start_location\":\"51.391216541000006,6.78624629974\",\"map_start_zoom\":\"16\",\"default_marker\":\"0\",\"type\":\"3\",\"alignment\":\"4\",\"directions_enabled\":\"1\",\"styling_enabled\":\"0\",\"styling_json\":\"\",\"active\":\"0\",\"kml\":\"\",\"bicycle\":\"2\",\"traffic\":\"2\",\"dbox\":\"1\",\"dbox_width\":\"100\",\"listmarkers\":\"0\",\"listmarkers_advanced\":\"0\",\"filterbycat\":\"0\",\"ugm_enabled\":\"0\",\"ugm_category_enabled\":\"0\",\"fusion\":\"\",\"map_width_type\":\"\\\\%\",\"map_height_type\":\"px\",\"mass_marker_support\":\"1\",\"ugm_access\":\"0\",\"order_markers_by\":\"1\",\"order_markers_choice\":\"2\",\"show_user_location\":\"0\",\"default_to\":\"\",\"other_settings\":{\"store_locator_enabled\":2,\"store_locator_distance\":2,\"store_locator_default_radius\":10,\"store_locator_not_found_message\":\"No results found in this location. Please try again.\",\"store_locator_bounce\":1,\"store_locator_query_string\":\"ZIP \\\/ Address:\",\"store_locator_default_address\":\"\",\"wpgmza_store_locator_restrict\":\"\",\"wpgmza_store_locator_radius_style\":\"modern\",\"map_max_zoom\":\"1\",\"transport_layer\":2,\"wpgmza_show_points_of_interest\":0,\"wpgmza_auto_night\":0}}' data-shortcode-attributes='{\"id\":\"1\"}' style=\"display:block; overflow:auto; width:100%; height:400px; \"><\/div>\n\n\n\n<h4>Parkpl\u00e4tze<\/h4>\n\n\n\n<p>Leider stehen uns direkt an der Platzanlage nur eingeschr\u00e4nkt Parkpl\u00e4tze zur Verf\u00fcgung.<br>Wir bitten daher alle Hundef\u00fchrer, sich nach M\u00f6glichkeit<br>einen Parkplatz am Waldrand der Wedauer Stra\u00dfe oder auf dem Parkstreifen entlang der Gro\u00dfenbaumer Allee \u2013 Fahrtrichtung Buchholz\/Gro\u00dfenbaum (A 59) \u2013 zu suchen, um die Zufahrt zu unserer Anlage f\u00fcr Rettungsfahrzeuge frei zu halten.<br>Wir danken f\u00fcr Euer Verst\u00e4ndnis.<\/p>\n\n\n\n<h4>Anreise mit \u00f6ffentlichen Verkehrsmitteln<\/h4>\n\n\n\n<p>Mit der S-Bahn S 1 aus Richtung D\u00fcsseldorf oder Duisburg bis Buchholz-Bahnhof, dann mit dem Bus Linie 934 bis zur Neidenburger Str., weiter zu Fu\u00df entlang der Gro\u00dfenbaumer Allee in Richtung Wald (den Schrebergartenverein im R\u00fccken) bis zur Gabelung Wedauer Str.\/Gro\u00dfenbaumer Allee.<\/p>\n\n\n\n<p>Aus Richtung Buchholz oder Bissingheim mit dem Bus Linie 942 bis zur Haltestelle Gro\u00dfenbaumer Allee.<\/p>\n\n\n\n<p>Fahrpl\u00e4ne gibt es beim&nbsp;<a href=\"http:\/\/www.vrr.de\/de\/fahrplanauskunft\/index.html\" target=\"_blank\" rel=\"noreferrer noopener\">VRR<\/a>&nbsp;und bei der&nbsp;<a href=\"http:\/\/www.dvg-duisburg.de\/\" target=\"_blank\" rel=\"noreferrer noopener\">DVG<\/a><\/p>\n\n\n\n<h4>Anreise mit dem Flugzeug<\/h4>\n\n\n\n<p>Aus dem Rest der Welt kommend bis zum Flughafen \u201eD\u00fcsseldorf International\u201c, dann mit der S-Bahn S1 wie bei \u201eAnreise mit \u00f6ffentlichen Verkehrsmitteln\u201c beschrieben.<br>N\u00e4here Informationen zu den Ankunftszeiten und zum Bahnfahrplan gibt es auf der&nbsp;<a href=\"http:\/\/www.dus-int.de\/dus\/anreise_und_parken_start\" target=\"_blank\" rel=\"noreferrer noopener\">Homepage des Flughafens.<\/a><\/p>\n","protected":false},"excerpt":{"rendered":"<p>Mit dem Auto Aus Richtung Oberhausen ab A 42, Kreuz Hamborn abfahren auf die A 59 in Richtung D\u00fcsseldorf, Abfahrt Buchholz runter und links einordnen, an der Ampel links, erste M\u00f6glichkeit wieder links in die Sternstra\u00dfe (Tempo 30 Zone), die Sternstra\u00dfe bis zum Ende fahren und dann rechts in die Wedauer Stra\u00dfe einbiegen. Vor der &hellip; <\/p>\n<p class=\"link-more\"><a href=\"https:\/\/hundesport-rehwiese.com\/soeren\/anfahrt\/\" class=\"more-link\"><span class=\"screen-reader-text\">\u201e<\/p>\n<h2>So finden Sie den Weg zum Hundesportverein<\/h2>\n<p>\u201c<\/span> weiterlesen<\/a><\/p>\n","protected":false},"author":1,"featured_media":0,"parent":0,"menu_order":0,"comment_status":"closed","ping_status":"closed","template":"","meta":[],"yoast_head":"<!-- This site is optimized with the Yoast SEO plugin v15.5 - https:\/\/yoast.com\/wordpress\/plugins\/seo\/ -->\n<title>So finden Sie den Weg zum Hundesportverein - HSV Duisburg-Rehwiese e.v.<\/title>\n<meta name=\"robots\" content=\"noindex, follow\" \/>\n<meta property=\"og:locale\" content=\"de_DE\" \/>\n<meta property=\"og:type\" content=\"article\" \/>\n<meta property=\"og:title\" content=\"So finden Sie den Weg zum Hundesportverein - HSV Duisburg-Rehwiese e.v.\" \/>\n<meta property=\"og:description\" content=\"Mit dem Auto Aus Richtung Oberhausen ab A 42, Kreuz Hamborn abfahren auf die A 59 in Richtung D\u00fcsseldorf, Abfahrt Buchholz runter und links einordnen, an der Ampel links, erste M\u00f6glichkeit wieder links in die Sternstra\u00dfe (Tempo 30 Zone), die Sternstra\u00dfe bis zum Ende fahren und dann rechts in die Wedauer Stra\u00dfe einbiegen. Vor der &hellip; \u201eSo finden Sie den Weg zum Hundesportverein\u201c weiterlesen\" \/>\n<meta property=\"og:url\" content=\"http:\/\/hundesport-rehwiese.com\/soeren\/anfahrt\/\" \/>\n<meta property=\"og:site_name\" content=\"HSV Duisburg-Rehwiese e.v.\" \/>\n<meta property=\"article:modified_time\" content=\"2020-02-27T17:55:40+00:00\" \/>\n<meta name=\"twitter:card\" content=\"summary_large_image\" \/>\n<meta name=\"twitter:label1\" content=\"Gesch\u00e4tzte Lesezeit\">\n\t<meta name=\"twitter:data1\" content=\"2\u00a0Minuten\">\n<script type=\"application\/ld+json\" class=\"yoast-schema-graph\">{\"@context\":\"https:\/\/schema.org\",\"@graph\":[{\"@type\":\"WebSite\",\"@id\":\"https:\/\/hundesport-rehwiese.com\/soeren\/#website\",\"url\":\"https:\/\/hundesport-rehwiese.com\/soeren\/\",\"name\":\"hundesport-rehwiese.com\",\"description\":\"Hundesport in Duisburg\",\"potentialAction\":[{\"@type\":\"SearchAction\",\"target\":\"https:\/\/hundesport-rehwiese.com\/soeren\/?s={search_term_string}\",\"query-input\":\"required name=search_term_string\"}],\"inLanguage\":\"de\"},{\"@type\":\"WebPage\",\"@id\":\"http:\/\/hundesport-rehwiese.com\/soeren\/anfahrt\/#webpage\",\"url\":\"http:\/\/hundesport-rehwiese.com\/soeren\/anfahrt\/\",\"name\":\"So finden Sie den Weg zum Hundesportverein - HSV Duisburg-Rehwiese e.v.\",\"isPartOf\":{\"@id\":\"https:\/\/hundesport-rehwiese.com\/soeren\/#website\"},\"datePublished\":\"2020-02-24T17:44:55+00:00\",\"dateModified\":\"2020-02-27T17:55:40+00:00\",\"inLanguage\":\"de\",\"potentialAction\":[{\"@type\":\"ReadAction\",\"target\":[\"http:\/\/hundesport-rehwiese.com\/soeren\/anfahrt\/\"]}]}]}<\/script>\n<!-- \/ Yoast SEO plugin. -->","_links":{"self":[{"href":"https:\/\/hundesport-rehwiese.com\/soeren\/wp-json\/wp\/v2\/pages\/201"}],"collection":[{"href":"https:\/\/hundesport-rehwiese.com\/soeren\/wp-json\/wp\/v2\/pages"}],"about":[{"href":"https:\/\/hundesport-rehwiese.com\/soeren\/wp-json\/wp\/v2\/types\/page"}],"author":[{"embeddable":true,"href":"https:\/\/hundesport-rehwiese.com\/soeren\/wp-json\/wp\/v2\/users\/1"}],"replies":[{"embeddable":true,"href":"https:\/\/hundesport-rehwiese.com\/soeren\/wp-json\/wp\/v2\/comments?post=201"}],"version-history":[{"count":4,"href":"https:\/\/hundesport-rehwiese.com\/soeren\/wp-json\/wp\/v2\/pages\/201\/revisions"}],"predecessor-version":[{"id":366,"href":"https:\/\/hundesport-rehwiese.com\/soeren\/wp-json\/wp\/v2\/pages\/201\/revisions\/366"}],"wp:attachment":[{"href":"https:\/\/hundesport-rehwiese.com\/soeren\/wp-json\/wp\/v2\/media?parent=201"}],"curies":[{"name":"wp","href":"https:\/\/api.w.org\/{rel}","templated":true}]}}