{"id":216,"date":"2020-02-24T18:48:09","date_gmt":"2020-02-24T17:48:09","guid":{"rendered":"http:\/\/hundesport-rehwiese.com\/soeren\/?page_id=216"},"modified":"2020-10-26T12:10:20","modified_gmt":"2020-10-26T11:10:20","slug":"agility-2","status":"publish","type":"page","link":"https:\/\/hundesport-rehwiese.com\/soeren\/agility-2\/","title":{"rendered":"Agility auf der Rehwiese Duisburg"},"content":{"rendered":"\n<h3 class=\"has-text-align-center\">Was ist Agility?<\/h3>\n\n\n\n<div class=\"wp-block-image\"><figure class=\"aligncenter size-large\"><img loading=\"lazy\" width=\"640\" height=\"300\" src=\"https:\/\/hundesport-rehwiese.com\/soeren\/wp-content\/uploads\/2020\/02\/agility_auf_der_rehwiese.jpg\" alt=\"\" class=\"wp-image-374\" srcset=\"https:\/\/hundesport-rehwiese.com\/soeren\/wp-content\/uploads\/2020\/02\/agility_auf_der_rehwiese.jpg 640w, https:\/\/hundesport-rehwiese.com\/soeren\/wp-content\/uploads\/2020\/02\/agility_auf_der_rehwiese-300x141.jpg 300w\" sizes=\"(max-width: 640px) 100vw, 640px\" \/><\/figure><\/div>\n\n\n\n<p>Agility (engl. Wendigkeit) ist eine aus England stammende, dem Springreiten nachempfundene Sportart, bei welcher der Hund, gef\u00fchrt vom Menschen, einen vorgegebenen Hindernisparcours in einer Maximalzeit m\u00f6glichst fehlerfrei zu durchlaufen hat.<\/p>\n\n\n\n<p>Der Parcours wird stets variabel aus bis zu 22 Hindernissen f\u00fcr drei verschiedene Gr\u00f6\u00dfenklassen von Hunden erstellt. Zu seinen Bauteilen geh\u00f6ren verschiedene H\u00fcrden, Tunnel, Slalom und Tisch, Weitsprung und Schr\u00e4gwand, Reifen und Laufsteg sowie die Wippe.<\/p>\n\n\n\n<p>Agility ist ein dynamischer Teamsport, welcher von Hund und Mensch k\u00f6rperliche und geistige Fitness sowie Geschicklichkeit verlangt.<br>Das Team Mensch und Hund w\u00e4chst dabei auf Dauer zu einer gut abgestimmten Mannschaft zusammen.<br>Die Teilnehmer konkurrieren auf Turnieren in drei unterschiedlichen Leistungsklassen.<\/p>\n\n\n\n<h4 class=\"has-text-align-center\">Agility \u2013 f\u00fcr wen und warum?<\/h4>\n\n\n\n<p>Agility ist eine Sportart f\u00fcr alle sozialisierten Hunde.<br>Der Hund sollte gesund und nicht \u00fcbergewichtig sein. Ebenfalls sollte er anatomisch nicht zu kr\u00e4ftig oder zu gro\u00df im K\u00f6rperbau sein.<\/p>\n\n\n\n<p>Junghunde (unter einem Jahr) k\u00f6nnen aufgrund ihres Wachstums nur eingeschr\u00e4nkt am Training teilnehmen. Hunde im Seniorenalter sollten mit Agility auch nicht mehr neu anfangen.<\/p>\n\n\n\n<p>Gehorsam und soziale Vertr\u00e4glichkeit gegen\u00fcber anderen Artgenossen sind unerl\u00e4sslich, da der Hund nur verbal und mit K\u00f6rpersprache gef\u00fchrt wird. Der Hund ist im Parcours nicht an der Leine!<\/p>\n\n\n\n<p>Wenn in diesen Hinsichten mit ihrem Hund alles in Ordnung ist und er nicht gerade zu der Sorte geh\u00f6rt, der den Tag lieber auf dem Sofa verbringen m\u00f6chte statt auch nur einmal spazieren zu gehen, dann spricht nichts dagegen, mit dem Agility Training zu beginnen.<\/p>\n\n\n\n<p>Agility ist ebenfalls ein idealer Ausgleich f\u00fcr Hunderassen, die Kopfarbeit verlangen und denen nur Laufen und Spazierg\u00e4nge alleine nicht reichen.<br>Ups,\u2026 da war doch was zum Thema Teamsport\u2026?<br>Auch der Hundef\u00fchrer sollte fit und gesund sein! Wie soll er denn sonst dem Hund den richtigen Weg im Parcours zeigen.<\/p>\n\n\n\n<p>Hund und Mensch profitieren vom Agility. Bindung und Verst\u00e4ndnis im Team vertiefen sich. Die k\u00f6rperliche und geistige Fitness wird bei beiden gesteigert. Freudvolles Training durch Motivationshilfen wie Leckerchen oder Spielzeug \u00fcberzeugen fast jeden Hund.<\/p>\n\n\n\n<p>Der Spa\u00df und die Freude sind die vorantreibende Kraft in diesem aktiven und dynamischen Sport.<\/p>\n\n\n\n<h4 class=\"has-text-align-center\">Agility bei uns<\/h4>\n\n\n\n<p>Wir betreiben bei der DVG Rehwiese Agility als Hundesport und nehmen auch an Turnieren teil.<br>Unsere Trainingsphilosophie, Trainingsaufbau und Trainingsabl\u00e4ufe unterscheiden sich meist zu denen in Hundeschulen.<\/p>\n\n\n\n<p>Bei der Ausbildung des Hundes an einem Ger\u00e4t ist nicht der einfache und schnelle Erfolg unser Ziel, sondern die umfangreichere Ausbildung des Hundes und des Hundef\u00fchrers.<br>Dies erfordert die regelm\u00e4\u00dfige Teilnahme am Training und ist aufwendiger.<\/p>\n\n\n\n<p>Ein Beispiel:<br>Bei der Slalomausbildung kann ich den Hund mit einem Leckerchen vor der Nase von Tor zu Tor ziehen. Dies wird der Hund schnell verkn\u00fcpfen und er l\u00e4uft hinter dem Leckerchen gef\u00fchrt durch den Slalom. Ein schneller Erfolg, doch der Hundef\u00fchrer kann sich nie am Slalom von seinem Hund l\u00f6sen und er ist langsam. Er muss immer helfen.<\/p>\n\n\n\n<p>Wir bilden die Hunde so aus, dass sie den Slalom selbstst\u00e4ndig, komplett und von verschiedenen Richtungen und Winkeln aus anlaufend abarbeiten. Der Hund ist schneller im Slalom und der Hundef\u00fchrer kann sich frei zum n\u00e4chsten Hindernis hin orientieren. Diese Ausbildung dauert nat\u00fcrlich l\u00e4nger.<\/p>\n\n\n\n<p>Doch bei allem Aufwand steht f\u00fcr uns immer die Freude und Motivation des Hundes im Vordergrund. Denn gerade der Hund soll den Spa\u00df am Agility nicht verlieren.<\/p>\n\n\n\n<p>Interessierte sollten darum neben ihrem Hund immer ein Spielzeug oder mehrere Leckerchen mit zum Training bringen.<br>Schauen Sie doch einfach mal vorbei!<\/p>\n","protected":false},"excerpt":{"rendered":"<p>Was ist Agility? Agility (engl. Wendigkeit) ist eine aus England stammende, dem Springreiten nachempfundene Sportart, bei welcher der Hund, gef\u00fchrt vom Menschen, einen vorgegebenen Hindernisparcours in einer Maximalzeit m\u00f6glichst fehlerfrei zu durchlaufen hat. Der Parcours wird stets variabel aus bis zu 22 Hindernissen f\u00fcr drei verschiedene Gr\u00f6\u00dfenklassen von Hunden erstellt. Zu seinen Bauteilen geh\u00f6ren verschiedene &hellip; <\/p>\n<p class=\"link-more\"><a href=\"https:\/\/hundesport-rehwiese.com\/soeren\/agility-2\/\" class=\"more-link\"><span class=\"screen-reader-text\">\u201eAgility auf der Rehwiese Duisburg\u201c<\/span> weiterlesen<\/a><\/p>\n","protected":false},"author":1,"featured_media":0,"parent":0,"menu_order":0,"comment_status":"closed","ping_status":"closed","template":"","meta":[],"yoast_head":"<!-- This site is optimized with the Yoast SEO plugin v15.5 - https:\/\/yoast.com\/wordpress\/plugins\/seo\/ -->\n<title>Agility auf der Rehwiese Duisburg - HSV Duisburg-Rehwiese e.v.<\/title>\n<meta name=\"robots\" content=\"noindex, follow\" \/>\n<meta property=\"og:locale\" content=\"de_DE\" \/>\n<meta property=\"og:type\" content=\"article\" \/>\n<meta property=\"og:title\" content=\"Agility auf der Rehwiese Duisburg - HSV Duisburg-Rehwiese e.v.\" \/>\n<meta property=\"og:description\" content=\"Was ist Agility? Agility (engl. Wendigkeit) ist eine aus England stammende, dem Springreiten nachempfundene Sportart, bei welcher der Hund, gef\u00fchrt vom Menschen, einen vorgegebenen Hindernisparcours in einer Maximalzeit m\u00f6glichst fehlerfrei zu durchlaufen hat. Der Parcours wird stets variabel aus bis zu 22 Hindernissen f\u00fcr drei verschiedene Gr\u00f6\u00dfenklassen von Hunden erstellt. Zu seinen Bauteilen geh\u00f6ren verschiedene &hellip; \u201eAgility auf der Rehwiese Duisburg\u201c weiterlesen\" \/>\n<meta property=\"og:url\" content=\"http:\/\/hundesport-rehwiese.com\/soeren\/agility-2\/\" \/>\n<meta property=\"og:site_name\" content=\"HSV Duisburg-Rehwiese e.v.\" \/>\n<meta property=\"article:modified_time\" content=\"2020-10-26T11:10:20+00:00\" \/>\n<meta property=\"og:image\" content=\"https:\/\/hundesport-rehwiese.com\/soeren\/wp-content\/uploads\/2020\/02\/agility_auf_der_rehwiese.jpg\" \/>\n<meta name=\"twitter:card\" content=\"summary_large_image\" \/>\n<meta name=\"twitter:label1\" content=\"Gesch\u00e4tzte Lesezeit\">\n\t<meta name=\"twitter:data1\" content=\"2\u00a0Minuten\">\n<script type=\"application\/ld+json\" class=\"yoast-schema-graph\">{\"@context\":\"https:\/\/schema.org\",\"@graph\":[{\"@type\":\"WebSite\",\"@id\":\"https:\/\/hundesport-rehwiese.com\/soeren\/#website\",\"url\":\"https:\/\/hundesport-rehwiese.com\/soeren\/\",\"name\":\"hundesport-rehwiese.com\",\"description\":\"Hundesport in Duisburg\",\"potentialAction\":[{\"@type\":\"SearchAction\",\"target\":\"https:\/\/hundesport-rehwiese.com\/soeren\/?s={search_term_string}\",\"query-input\":\"required name=search_term_string\"}],\"inLanguage\":\"de\"},{\"@type\":\"ImageObject\",\"@id\":\"http:\/\/hundesport-rehwiese.com\/soeren\/agility-2\/#primaryimage\",\"inLanguage\":\"de\",\"url\":\"https:\/\/hundesport-rehwiese.com\/soeren\/wp-content\/uploads\/2020\/02\/agility_auf_der_rehwiese.jpg\"},{\"@type\":\"WebPage\",\"@id\":\"http:\/\/hundesport-rehwiese.com\/soeren\/agility-2\/#webpage\",\"url\":\"http:\/\/hundesport-rehwiese.com\/soeren\/agility-2\/\",\"name\":\"Agility auf der Rehwiese Duisburg - HSV Duisburg-Rehwiese e.v.\",\"isPartOf\":{\"@id\":\"https:\/\/hundesport-rehwiese.com\/soeren\/#website\"},\"primaryImageOfPage\":{\"@id\":\"http:\/\/hundesport-rehwiese.com\/soeren\/agility-2\/#primaryimage\"},\"datePublished\":\"2020-02-24T17:48:09+00:00\",\"dateModified\":\"2020-10-26T11:10:20+00:00\",\"inLanguage\":\"de\",\"potentialAction\":[{\"@type\":\"ReadAction\",\"target\":[\"http:\/\/hundesport-rehwiese.com\/soeren\/agility-2\/\"]}]}]}<\/script>\n<!-- \/ Yoast SEO plugin. -->","_links":{"self":[{"href":"https:\/\/hundesport-rehwiese.com\/soeren\/wp-json\/wp\/v2\/pages\/216"}],"collection":[{"href":"https:\/\/hundesport-rehwiese.com\/soeren\/wp-json\/wp\/v2\/pages"}],"about":[{"href":"https:\/\/hundesport-rehwiese.com\/soeren\/wp-json\/wp\/v2\/types\/page"}],"author":[{"embeddable":true,"href":"https:\/\/hundesport-rehwiese.com\/soeren\/wp-json\/wp\/v2\/users\/1"}],"replies":[{"embeddable":true,"href":"https:\/\/hundesport-rehwiese.com\/soeren\/wp-json\/wp\/v2\/comments?post=216"}],"version-history":[{"count":7,"href":"https:\/\/hundesport-rehwiese.com\/soeren\/wp-json\/wp\/v2\/pages\/216\/revisions"}],"predecessor-version":[{"id":773,"href":"https:\/\/hundesport-rehwiese.com\/soeren\/wp-json\/wp\/v2\/pages\/216\/revisions\/773"}],"wp:attachment":[{"href":"https:\/\/hundesport-rehwiese.com\/soeren\/wp-json\/wp\/v2\/media?parent=216"}],"curies":[{"name":"wp","href":"https:\/\/api.w.org\/{rel}","templated":true}]}}