{"id":218,"date":"2020-02-24T18:48:19","date_gmt":"2020-02-24T17:48:19","guid":{"rendered":"http:\/\/hundesport-rehwiese.com\/soeren\/?page_id=218"},"modified":"2020-10-25T22:29:56","modified_gmt":"2020-10-25T21:29:56","slug":"man-trailing","status":"publish","type":"page","link":"https:\/\/hundesport-rehwiese.com\/soeren\/man-trailing\/","title":{"rendered":"<h2>Mantrailing<h2>"},"content":{"rendered":"\n<p><strong>Mantrailing \u2013 Personensuchhunde <\/strong><\/p>\n\n\n\n<p>Mantrailing und Nasenarbeit f\u00fcr Hunde erfreuen sich immer \ngr\u00f6\u00dferer Beliebtheit. Es ist f\u00fcr nahezu alle Menschen und Hunde \ndurchf\u00fchrbar. Alter, Rasse und bedingt auch der Erziehungsstand spielen \nzun\u00e4chst einmal keine Rolle. <\/p>\n\n\n\n<p>In den verschiedenen Sparten des Trailens kann jeder Hund \nindividuell seinen Anlagen entsprechend gef\u00f6rdert und gefordert werden. \nIn der Sportvariante bieten wir dem ambitionierten Mensch-Hund-Team die \nM\u00f6glichkeit, Pr\u00fcfungen abzulegen und an Wettk\u00e4mpfen teilzunehmen. <\/p>\n\n\n\n<p>Mantrailing ist eine Art der F\u00e4hrtenarbeit, wobei sich die Hunde aber nicht nach  Bodenverletzungen orientieren, sondern ihre au\u00dfergew\u00f6hnliche  Riechleistung zur Auffindung einer vermissten Person, nach ihren  einzigartigen Geruchsmolek\u00fclen, einsetzen. Diese speziell ausgebildeten  Hunde &#8211; Mantrailer &#8211; sind in der Lage menschlichen Geruch  -Individualgeruch &#8211; auch noch \u00fcber einen l\u00e4ngeren Zeitraum und unter  schwierigen Voraussetzungen im Wechsel verschiedener Untergr\u00fcnde zu  verfolgen.  <\/p>\n\n\n\n<p><\/p>\n","protected":false},"excerpt":{"rendered":"<p>Mantrailing \u2013 Personensuchhunde Mantrailing und Nasenarbeit f\u00fcr Hunde erfreuen sich immer gr\u00f6\u00dferer Beliebtheit. Es ist f\u00fcr nahezu alle Menschen und Hunde durchf\u00fchrbar. Alter, Rasse und bedingt auch der Erziehungsstand spielen zun\u00e4chst einmal keine Rolle. In den verschiedenen Sparten des Trailens kann jeder Hund individuell seinen Anlagen entsprechend gef\u00f6rdert und gefordert werden. In der Sportvariante bieten &hellip; <\/p>\n<p class=\"link-more\"><a href=\"https:\/\/hundesport-rehwiese.com\/soeren\/man-trailing\/\" class=\"more-link\"><span class=\"screen-reader-text\">\u201e<\/p>\n<h2>Mantrailing<\/p>\n<h2>\u201c<\/span> weiterlesen<\/a><\/p>\n","protected":false},"author":1,"featured_media":0,"parent":0,"menu_order":0,"comment_status":"closed","ping_status":"closed","template":"","meta":[],"yoast_head":"<!-- This site is optimized with the Yoast SEO plugin v15.5 - https:\/\/yoast.com\/wordpress\/plugins\/seo\/ -->\n<title>Mantrailing - HSV Duisburg-Rehwiese e.v.<\/title>\n<meta name=\"robots\" content=\"noindex, follow\" \/>\n<meta property=\"og:locale\" content=\"de_DE\" \/>\n<meta property=\"og:type\" content=\"article\" \/>\n<meta property=\"og:title\" content=\"Mantrailing - HSV Duisburg-Rehwiese e.v.\" \/>\n<meta property=\"og:description\" content=\"Mantrailing \u2013 Personensuchhunde Mantrailing und Nasenarbeit f\u00fcr Hunde erfreuen sich immer gr\u00f6\u00dferer Beliebtheit. Es ist f\u00fcr nahezu alle Menschen und Hunde durchf\u00fchrbar. Alter, Rasse und bedingt auch der Erziehungsstand spielen zun\u00e4chst einmal keine Rolle. In den verschiedenen Sparten des Trailens kann jeder Hund individuell seinen Anlagen entsprechend gef\u00f6rdert und gefordert werden. In der Sportvariante bieten &hellip; \u201eMantrailing\u201c weiterlesen\" \/>\n<meta property=\"og:url\" content=\"http:\/\/hundesport-rehwiese.com\/soeren\/man-trailing\/\" \/>\n<meta property=\"og:site_name\" content=\"HSV Duisburg-Rehwiese e.v.\" \/>\n<meta property=\"article:modified_time\" content=\"2020-10-25T21:29:56+00:00\" \/>\n<meta name=\"twitter:card\" content=\"summary_large_image\" \/>\n<meta name=\"twitter:label1\" content=\"Gesch\u00e4tzte Lesezeit\">\n\t<meta name=\"twitter:data1\" content=\"1\u00a0Minute\">\n<script type=\"application\/ld+json\" class=\"yoast-schema-graph\">{\"@context\":\"https:\/\/schema.org\",\"@graph\":[{\"@type\":\"WebSite\",\"@id\":\"https:\/\/hundesport-rehwiese.com\/soeren\/#website\",\"url\":\"https:\/\/hundesport-rehwiese.com\/soeren\/\",\"name\":\"hundesport-rehwiese.com\",\"description\":\"Hundesport in Duisburg\",\"potentialAction\":[{\"@type\":\"SearchAction\",\"target\":\"https:\/\/hundesport-rehwiese.com\/soeren\/?s={search_term_string}\",\"query-input\":\"required name=search_term_string\"}],\"inLanguage\":\"de\"},{\"@type\":\"WebPage\",\"@id\":\"http:\/\/hundesport-rehwiese.com\/soeren\/man-trailing\/#webpage\",\"url\":\"http:\/\/hundesport-rehwiese.com\/soeren\/man-trailing\/\",\"name\":\"Mantrailing - HSV Duisburg-Rehwiese e.v.\",\"isPartOf\":{\"@id\":\"https:\/\/hundesport-rehwiese.com\/soeren\/#website\"},\"datePublished\":\"2020-02-24T17:48:19+00:00\",\"dateModified\":\"2020-10-25T21:29:56+00:00\",\"inLanguage\":\"de\",\"potentialAction\":[{\"@type\":\"ReadAction\",\"target\":[\"http:\/\/hundesport-rehwiese.com\/soeren\/man-trailing\/\"]}]}]}<\/script>\n<!-- \/ Yoast SEO plugin. -->","_links":{"self":[{"href":"https:\/\/hundesport-rehwiese.com\/soeren\/wp-json\/wp\/v2\/pages\/218"}],"collection":[{"href":"https:\/\/hundesport-rehwiese.com\/soeren\/wp-json\/wp\/v2\/pages"}],"about":[{"href":"https:\/\/hundesport-rehwiese.com\/soeren\/wp-json\/wp\/v2\/types\/page"}],"author":[{"embeddable":true,"href":"https:\/\/hundesport-rehwiese.com\/soeren\/wp-json\/wp\/v2\/users\/1"}],"replies":[{"embeddable":true,"href":"https:\/\/hundesport-rehwiese.com\/soeren\/wp-json\/wp\/v2\/comments?post=218"}],"version-history":[{"count":5,"href":"https:\/\/hundesport-rehwiese.com\/soeren\/wp-json\/wp\/v2\/pages\/218\/revisions"}],"predecessor-version":[{"id":762,"href":"https:\/\/hundesport-rehwiese.com\/soeren\/wp-json\/wp\/v2\/pages\/218\/revisions\/762"}],"wp:attachment":[{"href":"https:\/\/hundesport-rehwiese.com\/soeren\/wp-json\/wp\/v2\/media?parent=218"}],"curies":[{"name":"wp","href":"https:\/\/api.w.org\/{rel}","templated":true}]}}