{"id":233,"date":"2020-02-24T18:52:19","date_gmt":"2020-02-24T17:52:19","guid":{"rendered":"http:\/\/hundesport-rehwiese.com\/soeren\/?page_id=233"},"modified":"2020-11-19T18:42:18","modified_gmt":"2020-11-19T17:42:18","slug":"ueber-uns","status":"publish","type":"page","link":"https:\/\/hundesport-rehwiese.com\/soeren\/ueber-uns\/","title":{"rendered":"<h2>\u00dcber den Hundesportverein auf der Rehwiese<\/h2>"},"content":{"rendered":"\n<p>Seit unserer Vereinsgr\u00fcndung im Jahre 1950 ist unser Verein eine gute Adresse im Hundesport in Duisburg und Umgebung.<\/p>\n\n\n\n<p>Wir sind Mitglied im DVG (Deutscher Verband der Gebrauchshundsportvereine e.V.), dem gr\u00f6\u00dften Hundesportverband in Deutschland mit ca. 750 Mitgliedsvereinen und geh\u00f6ren dar\u00fcber auch dem VDH (Verband f\u00fcr das Deutsche Hundewesen), der wiederum die Interessen aller Hundehalter in Deutschland vertritt, an.<\/p>\n\n\n\n<p>Der Schwerpunkt unserer Aktivit\u00e4ten liegt im sportlichen Bereich. Alter und Gr\u00f6\u00dfe des Hundes spielen dabei eine untergeordnete Rolle. Die gesundheitliche Eignung und das sportliche Interesse sind wichtig. Was die Hunderasse angeht, sind die Vorgaben des Landeshundegesetzes NRW zu beachten.<\/p>\n\n\n\n<p>Zur Zeit bieten wir unseren Mitgliedern die Sportarten Agility, Hoopers, Mantrailing, Rally Obedience und Turnierhundsport (THS) an. Wir veranstalten allj\u00e4hrlich Turniere und Pr\u00fcfungen, an denen Hundesportler aus allen, dem VDH angeh\u00f6rigen Verb\u00e4nden teilnehmen k\u00f6nnen. Unsere Mitglieder bereiten wir in einer speziellen Gruppe auf die VDH-Begleithundpr\u00fcfung als Voraussetzung f\u00fcr die Teilnahme an solchen Veranstaltungen vor.<\/p>\n\n\n\n<p>G\u00e4sten bieten wir als Basisausbildung im Rahmen unserer Abo- bzw. 10er-Karten die Teilnahme an Welpen-und Junghundegruppen (das Alter des Hundes ist dabei egal) an. Dabei stehen Sozialisierung und Erziehung zum Partner Hund im Vordergrund. Dar\u00fcberhinaus k\u00f6nnen G\u00e4ste bei gesundheitlicher Eignung auch ohne Vereinsmitgliedschaft unsere Sportarten Agiliy, Rally Obedience und THS kennenlernen und am Training teilnehmen. Einsteiger sind immer gerne gesehen.<\/p>\n\n\n\n<p>Was wir nicht anbieten, ist die Vorbereitung auf die Verhaltenspr\u00fcfung nach \u00a7 3 Landeshundegesetz f\u00fcr sog. \u201eGef\u00e4hrliche\u201c Hunde bzw. Hunde bestimmter Rassen nach \u00a7 3 und \u00a7 10 LHundG.<\/p>\n\n\n\n<p>Wir freuen uns nat\u00fcrlich immer, wenn unsere G\u00e4ste vom \u201eVirus Hundesport\u201c befallen werden und nach einer angemessenen Zeit des Kennenlernens Mitglied werden m\u00f6chten.<\/p>\n\n\n\n<p>Wer noch nicht auf unserer Vereinsanlage war, unser Hundesportplatz liegt im \u201etiefsten S\u00fcden\u201c Duisburgs, in der Nachbarschaft von 6-Seen-Platte und Regattabahn. F\u00fcr alle Hunde einfach ideal sind der Auslauf im angrenzenden Buchenbusch und \u2013f\u00fcr \u201eWasserhunde\u201c- ein Bad im \u201eDickelsbach\u201c.<\/p>\n\n\n\n<p><strong>Ein ganz wichtiger Hinweis f\u00fcr alle Besucher mit Hund: Bitte halten Sie beim Betreten unserer Vereinsanlage den amtlichen Impfausweis Ihres Hundes und den Nachweis einer g\u00fcltigen \u201cTier- oder Hundehalterhaftpflichtversicherung\u201d bereit.<\/strong><\/p>\n\n\n\n<p><strong>WIR FREUEN UNS AUF SIE !<\/strong><\/p>\n\n\n\n<p>HSV Duisburg-Rehwiese e.V. \u2013 Spa\u00df mit dem Hund und unter netten Leuten<\/p>\n","protected":false},"excerpt":{"rendered":"<p>Seit unserer Vereinsgr\u00fcndung im Jahre 1950 ist unser Verein eine gute Adresse im Hundesport in Duisburg und Umgebung. Wir sind Mitglied im DVG (Deutscher Verband der Gebrauchshundsportvereine e.V.), dem gr\u00f6\u00dften Hundesportverband in Deutschland mit ca. 750 Mitgliedsvereinen und geh\u00f6ren dar\u00fcber auch dem VDH (Verband f\u00fcr das Deutsche Hundewesen), der wiederum die Interessen aller Hundehalter in &hellip; <\/p>\n<p class=\"link-more\"><a href=\"https:\/\/hundesport-rehwiese.com\/soeren\/ueber-uns\/\" class=\"more-link\"><span class=\"screen-reader-text\">\u201e<\/p>\n<h2>\u00dcber den Hundesportverein auf der Rehwiese<\/h2>\n<p>\u201c<\/span> weiterlesen<\/a><\/p>\n","protected":false},"author":1,"featured_media":0,"parent":0,"menu_order":0,"comment_status":"closed","ping_status":"closed","template":"","meta":[],"yoast_head":"<!-- This site is optimized with the Yoast SEO plugin v15.5 - https:\/\/yoast.com\/wordpress\/plugins\/seo\/ -->\n<title>\u00dcber den Hundesportverein auf der Rehwiese - HSV Duisburg-Rehwiese e.v.<\/title>\n<meta name=\"robots\" content=\"noindex, follow\" \/>\n<meta property=\"og:locale\" content=\"de_DE\" \/>\n<meta property=\"og:type\" content=\"article\" \/>\n<meta property=\"og:title\" content=\"\u00dcber den Hundesportverein auf der Rehwiese - HSV Duisburg-Rehwiese e.v.\" \/>\n<meta property=\"og:description\" content=\"Seit unserer Vereinsgr\u00fcndung im Jahre 1950 ist unser Verein eine gute Adresse im Hundesport in Duisburg und Umgebung. Wir sind Mitglied im DVG (Deutscher Verband der Gebrauchshundsportvereine e.V.), dem gr\u00f6\u00dften Hundesportverband in Deutschland mit ca. 750 Mitgliedsvereinen und geh\u00f6ren dar\u00fcber auch dem VDH (Verband f\u00fcr das Deutsche Hundewesen), der wiederum die Interessen aller Hundehalter in &hellip; \u201e\u00dcber den Hundesportverein auf der Rehwiese\u201c weiterlesen\" \/>\n<meta property=\"og:url\" content=\"http:\/\/hundesport-rehwiese.com\/soeren\/ueber-uns\/\" \/>\n<meta property=\"og:site_name\" content=\"HSV Duisburg-Rehwiese e.v.\" \/>\n<meta property=\"article:modified_time\" content=\"2020-11-19T17:42:18+00:00\" \/>\n<meta name=\"twitter:card\" content=\"summary_large_image\" \/>\n<meta name=\"twitter:label1\" content=\"Gesch\u00e4tzte Lesezeit\">\n\t<meta name=\"twitter:data1\" content=\"1\u00a0Minute\">\n<script type=\"application\/ld+json\" class=\"yoast-schema-graph\">{\"@context\":\"https:\/\/schema.org\",\"@graph\":[{\"@type\":\"WebSite\",\"@id\":\"https:\/\/hundesport-rehwiese.com\/soeren\/#website\",\"url\":\"https:\/\/hundesport-rehwiese.com\/soeren\/\",\"name\":\"hundesport-rehwiese.com\",\"description\":\"Hundesport in Duisburg\",\"potentialAction\":[{\"@type\":\"SearchAction\",\"target\":\"https:\/\/hundesport-rehwiese.com\/soeren\/?s={search_term_string}\",\"query-input\":\"required name=search_term_string\"}],\"inLanguage\":\"de\"},{\"@type\":\"WebPage\",\"@id\":\"http:\/\/hundesport-rehwiese.com\/soeren\/ueber-uns\/#webpage\",\"url\":\"http:\/\/hundesport-rehwiese.com\/soeren\/ueber-uns\/\",\"name\":\"\\u00dcber den Hundesportverein auf der Rehwiese - HSV Duisburg-Rehwiese e.v.\",\"isPartOf\":{\"@id\":\"https:\/\/hundesport-rehwiese.com\/soeren\/#website\"},\"datePublished\":\"2020-02-24T17:52:19+00:00\",\"dateModified\":\"2020-11-19T17:42:18+00:00\",\"inLanguage\":\"de\",\"potentialAction\":[{\"@type\":\"ReadAction\",\"target\":[\"http:\/\/hundesport-rehwiese.com\/soeren\/ueber-uns\/\"]}]}]}<\/script>\n<!-- \/ Yoast SEO plugin. -->","_links":{"self":[{"href":"https:\/\/hundesport-rehwiese.com\/soeren\/wp-json\/wp\/v2\/pages\/233"}],"collection":[{"href":"https:\/\/hundesport-rehwiese.com\/soeren\/wp-json\/wp\/v2\/pages"}],"about":[{"href":"https:\/\/hundesport-rehwiese.com\/soeren\/wp-json\/wp\/v2\/types\/page"}],"author":[{"embeddable":true,"href":"https:\/\/hundesport-rehwiese.com\/soeren\/wp-json\/wp\/v2\/users\/1"}],"replies":[{"embeddable":true,"href":"https:\/\/hundesport-rehwiese.com\/soeren\/wp-json\/wp\/v2\/comments?post=233"}],"version-history":[{"count":5,"href":"https:\/\/hundesport-rehwiese.com\/soeren\/wp-json\/wp\/v2\/pages\/233\/revisions"}],"predecessor-version":[{"id":635,"href":"https:\/\/hundesport-rehwiese.com\/soeren\/wp-json\/wp\/v2\/pages\/233\/revisions\/635"}],"wp:attachment":[{"href":"https:\/\/hundesport-rehwiese.com\/soeren\/wp-json\/wp\/v2\/media?parent=233"}],"curies":[{"name":"wp","href":"https:\/\/api.w.org\/{rel}","templated":true}]}}