{"id":40,"date":"2020-02-24T14:01:13","date_gmt":"2020-02-24T13:01:13","guid":{"rendered":"http:\/\/hundesport-rehwiese.com\/soeren\/?page_id=40"},"modified":"2020-10-25T22:19:55","modified_gmt":"2020-10-25T21:19:55","slug":"trainingszeiten","status":"publish","type":"page","link":"https:\/\/hundesport-rehwiese.com\/soeren\/trainingszeiten\/","title":{"rendered":"<h2>Trainingszeiten<\/h2>"},"content":{"rendered":"\n<p class=\"has-vivid-red-color has-text-color\"><strong>Wichtig:&nbsp;Bitte zum ersten Training&nbsp; den&nbsp;g\u00fcltigen Impfausweis&nbsp;und den Nachweis&nbsp;einer ausreichenden Tierhalter-Haftpflichtversicherung&nbsp;mitbringen! <\/strong><\/p>\n\n\n\n<p class=\"has-vivid-red-color has-text-color\"><strong>(Ohne diese Nachweise ist eine Teilnahme leider nicht m\u00f6glich)<\/strong><\/p>\n\n\n\n<p><\/p>\n\n\n\n<figure class=\"wp-block-table\"><table><tbody><tr><td>Montag (nur April &#8211; Okt.)<\/td><td>17.00 &#8211; 19.00 Uhr<\/td><td>Agility &#8211; Fortgeschrittene<\/td><\/tr><tr><td>Dienstag<\/td><td>17:00 &#8211; 19:00 Uhr<\/td><td>Hoopers<\/td><\/tr><tr><td>Mittwoch<\/td><td>19.00 &#8211; 20.00 Uhr<\/td><td>THS<\/td><\/tr><tr><td>Donnerstag<\/td><td>17.00 &#8211; 19.00 Uhr<\/td><td>Rally Obedience <\/td><\/tr><tr><td>Samstag<\/td><td>10.00 &#8211; 13.00 Uhr<\/td><td>Agility Anf\u00e4nger u. Fortgeschrittene<\/td><\/tr><tr><td><\/td><td>13.00 &#8211; 14.30 Uhr<\/td><td>THS nach Absprache<\/td><\/tr><tr><td>Sonntag<\/td><td>10.00 &#8211; 10.45 Uhr<\/td><td>Welpen II<\/td><\/tr><tr><td><\/td><td>11.00 &#8211; 11.45 Uhr<\/td><td>Welpen I<\/td><\/tr><tr><td><\/td><td>10.30 &#8211; 11.15 Uhr<\/td><td>Basis f\u00fcr Sporthunde &#8211; Anf\u00e4nger<\/td><\/tr><tr><td><\/td><td>11.15 &#8211; 12.00 Uhr<\/td><td>Basis f\u00fcr Sporthunde &#8211; Fortgeschrittene<\/td><\/tr><tr><td><\/td><td>10.30 &#8211; 11.15 Uhr<\/td><td>Fit and Fun &#8211; Anf\u00e4nger<\/td><\/tr><tr><td><\/td><td>11.15 &#8211; 12.00 Uhr<\/td><td>Fit and Fun &#8211; Fortgeschrittene<\/td><\/tr><\/tbody><\/table><\/figure>\n\n\n\n<p><strong><em>Begleithunde: BH\/VT-Training findet nur nach Absprache statt!<\/em><\/strong><\/p>\n\n\n\n<p>Trainingsausf\u00e4lle sind insbesondere witterungsbedingt oder wegen Teilnahme an Pr\u00fcfungen m\u00f6glich. G\u00e4ste sollten vorsorglich vorher den jeweiligen Trainer\/ Ansprechpartner anrufen. Wir bem\u00fchen uns, \u00c4nderungen auf unserer Vereins-Homepage rechtzeitig bekanntzugegeben.<\/p>\n\n\n\n<p>Anfragen per E-Mail bitte \u00fcber die Rubrik \u201eKontakte\u201c auf der Vereins-HP an den Verein oder direkt an den Ansprechpartner der Trainingsgruppen.<\/p>\n\n\n\n<figure class=\"wp-block-table\"><table><thead><tr><th>Sportart<\/th><th>Name<\/th><th>Telefon<\/th><th> email-Adresse<\/th><\/tr><\/thead><tbody><tr><td>Agility<\/td><td>Karin Horn<\/td><td>0152 \u2013 01603511 <\/td><td>agility@hundesport-rehwiese.com<\/td><\/tr><tr><td>Welpengruppe<\/td><td>Sarah B\u00e4der<\/td><td><\/td><td>welpen@hundesport-rehwiese.com<\/td><\/tr><tr><td>THS<\/td><td>Jenny Kothe<\/td><td><\/td><td>ths@hundesport-rehwiese.com<\/td><\/tr><tr><td>Rally Obedience<\/td><td>Anke Radeck<\/td><td>0174 \u2013 1339602<\/td><td>ro@hundesport-rehwiese.com<\/td><\/tr><tr><td>Basisausbildung Sporthunde \/<br>Vorbereitung Begleithund-Pr\u00fcfung<\/td><td>Julia K\u00f6per <\/td><td>01516 &#8211; 4303302 <\/td><td>basis@hundesport-rehwiese.com<\/td><\/tr><tr><td>Fit and Fun <br>Besch\u00e4ftigung mit Hund<\/td><td>Elli Larzonei<\/td><td>0160 \u2013 7969359<\/td><td>fitfun@hundesport-rehwiese.com<\/td><\/tr><tr><td>Mantrailing<\/td><td>Barbara H\u00fclshorst<\/td><td><\/td><td>mantrailing@hundesport-rehwiese.com<\/td><\/tr><tr><td>Hoopers<\/td><td>Anna H\u00fclsmann<\/td><td><\/td><td><\/td><\/tr><\/tbody><\/table><\/figure>\n\n\n\n<p><\/p>\n","protected":false},"excerpt":{"rendered":"<p>Wichtig:&nbsp;Bitte zum ersten Training&nbsp; den&nbsp;g\u00fcltigen Impfausweis&nbsp;und den Nachweis&nbsp;einer ausreichenden Tierhalter-Haftpflichtversicherung&nbsp;mitbringen! (Ohne diese Nachweise ist eine Teilnahme leider nicht m\u00f6glich) Montag (nur April &#8211; Okt.) 17.00 &#8211; 19.00 Uhr Agility &#8211; Fortgeschrittene Dienstag 17:00 &#8211; 19:00 Uhr Hoopers Mittwoch 19.00 &#8211; 20.00 Uhr THS Donnerstag 17.00 &#8211; 19.00 Uhr Rally Obedience Samstag 10.00 &#8211; 13.00 Uhr &hellip; <\/p>\n<p class=\"link-more\"><a href=\"https:\/\/hundesport-rehwiese.com\/soeren\/trainingszeiten\/\" class=\"more-link\"><span class=\"screen-reader-text\">\u201e<\/p>\n<h2>Trainingszeiten<\/h2>\n<p>\u201c<\/span> weiterlesen<\/a><\/p>\n","protected":false},"author":1,"featured_media":0,"parent":0,"menu_order":0,"comment_status":"closed","ping_status":"closed","template":"","meta":[],"yoast_head":"<!-- This site is optimized with the Yoast SEO plugin v15.5 - https:\/\/yoast.com\/wordpress\/plugins\/seo\/ -->\n<title>Trainingszeiten - HSV Duisburg-Rehwiese e.v.<\/title>\n<meta name=\"robots\" content=\"noindex, follow, max-snippet:-1, max-image-preview:large, max-video-preview:-1\" \/>\n<meta property=\"og:locale\" content=\"de_DE\" \/>\n<meta property=\"og:type\" content=\"article\" \/>\n<meta property=\"og:title\" content=\"Trainingszeiten - HSV Duisburg-Rehwiese e.v.\" \/>\n<meta property=\"og:description\" content=\"Wichtig:&nbsp;Bitte zum ersten Training&nbsp; den&nbsp;g\u00fcltigen Impfausweis&nbsp;und den Nachweis&nbsp;einer ausreichenden Tierhalter-Haftpflichtversicherung&nbsp;mitbringen! (Ohne diese Nachweise ist eine Teilnahme leider nicht m\u00f6glich) Montag (nur April &#8211; Okt.) 17.00 &#8211; 19.00 Uhr Agility &#8211; Fortgeschrittene Dienstag 17:00 &#8211; 19:00 Uhr Hoopers Mittwoch 19.00 &#8211; 20.00 Uhr THS Donnerstag 17.00 &#8211; 19.00 Uhr Rally Obedience Samstag 10.00 &#8211; 13.00 Uhr &hellip; \u201eTrainingszeiten\u201c weiterlesen\" \/>\n<meta property=\"og:url\" content=\"http:\/\/hundesport-rehwiese.com\/soeren\/trainingszeiten\/\" \/>\n<meta property=\"og:site_name\" content=\"HSV Duisburg-Rehwiese e.v.\" \/>\n<meta property=\"article:modified_time\" content=\"2020-10-25T21:19:55+00:00\" \/>\n<meta name=\"twitter:card\" content=\"summary_large_image\" \/>\n<meta name=\"twitter:label1\" content=\"Gesch\u00e4tzte Lesezeit\">\n\t<meta name=\"twitter:data1\" content=\"1\u00a0Minute\">\n<script type=\"application\/ld+json\" class=\"yoast-schema-graph\">{\"@context\":\"https:\/\/schema.org\",\"@graph\":[{\"@type\":\"WebSite\",\"@id\":\"https:\/\/hundesport-rehwiese.com\/soeren\/#website\",\"url\":\"https:\/\/hundesport-rehwiese.com\/soeren\/\",\"name\":\"hundesport-rehwiese.com\",\"description\":\"Hundesport in Duisburg\",\"potentialAction\":[{\"@type\":\"SearchAction\",\"target\":\"https:\/\/hundesport-rehwiese.com\/soeren\/?s={search_term_string}\",\"query-input\":\"required name=search_term_string\"}],\"inLanguage\":\"de\"},{\"@type\":\"WebPage\",\"@id\":\"http:\/\/hundesport-rehwiese.com\/soeren\/trainingszeiten\/#webpage\",\"url\":\"http:\/\/hundesport-rehwiese.com\/soeren\/trainingszeiten\/\",\"name\":\"Trainingszeiten - HSV Duisburg-Rehwiese e.v.\",\"isPartOf\":{\"@id\":\"https:\/\/hundesport-rehwiese.com\/soeren\/#website\"},\"datePublished\":\"2020-02-24T13:01:13+00:00\",\"dateModified\":\"2020-10-25T21:19:55+00:00\",\"inLanguage\":\"de\",\"potentialAction\":[{\"@type\":\"ReadAction\",\"target\":[\"http:\/\/hundesport-rehwiese.com\/soeren\/trainingszeiten\/\"]}]}]}<\/script>\n<!-- \/ Yoast SEO plugin. -->","_links":{"self":[{"href":"https:\/\/hundesport-rehwiese.com\/soeren\/wp-json\/wp\/v2\/pages\/40"}],"collection":[{"href":"https:\/\/hundesport-rehwiese.com\/soeren\/wp-json\/wp\/v2\/pages"}],"about":[{"href":"https:\/\/hundesport-rehwiese.com\/soeren\/wp-json\/wp\/v2\/types\/page"}],"author":[{"embeddable":true,"href":"https:\/\/hundesport-rehwiese.com\/soeren\/wp-json\/wp\/v2\/users\/1"}],"replies":[{"embeddable":true,"href":"https:\/\/hundesport-rehwiese.com\/soeren\/wp-json\/wp\/v2\/comments?post=40"}],"version-history":[{"count":10,"href":"https:\/\/hundesport-rehwiese.com\/soeren\/wp-json\/wp\/v2\/pages\/40\/revisions"}],"predecessor-version":[{"id":756,"href":"https:\/\/hundesport-rehwiese.com\/soeren\/wp-json\/wp\/v2\/pages\/40\/revisions\/756"}],"wp:attachment":[{"href":"https:\/\/hundesport-rehwiese.com\/soeren\/wp-json\/wp\/v2\/media?parent=40"}],"curies":[{"name":"wp","href":"https:\/\/api.w.org\/{rel}","templated":true}]}}