{"id":640,"date":"2020-06-22T11:19:38","date_gmt":"2020-06-22T09:19:38","guid":{"rendered":"http:\/\/hundesport-rehwiese.com\/soeren\/?page_id=640"},"modified":"2020-10-25T22:28:00","modified_gmt":"2020-10-25T21:28:00","slug":"hoopers","status":"publish","type":"page","link":"https:\/\/hundesport-rehwiese.com\/soeren\/hoopers\/","title":{"rendered":"<h2>Hoopers<h2>"},"content":{"rendered":"\n<figure class=\"wp-block-image is-resized\"><img loading=\"lazy\" src=\"https:\/\/www.dvg-hundesport.de\/file\/aa81840865848bf701663db2f7e66d93.de.0\/hoopers1.png?derivate=usage%3Dposter%2Cwidth~250\" alt=\"hoopers1.png\" width=\"160\" height=\"173\" title=\"\"\/><\/figure>\n\n\n\n<p>Hoopers ist ein Hundesport f\u00fcr Hund und Mensch.<br>Hoopers, auch bekannt unter Hoopers-Agility oder N.A.D.A.C Hoppers, ist eine Sportart aus den USA. Diese, in Europa noch relativ junge Hundesportart, findet langsam aber sicher immer mehr Anh\u00e4nger und Begeisterung in der Hundeszene und ist in der Zwischenzeit auch schon in einigen DVG Vereinen angekommen. Es erscheint an der Zeit diese interassanten Hundesportart eine Plattform zu bieten.<br><\/p>\n\n\n\n<p>Hoopers ist eine Hundesportart in der es darum geht, einen Hindernisparcours bestehend aus z.B. sogenannten Hoops, Tunnel, Tonnen und Gates fehlerfrei zu bew\u00e4ltigen. Eine reibungslose Zusammenarbeit zwischen Mensch und Hund und ein hohes Ma\u00df an Geschicklichkeit im Team sind die wichtigsten Grundlagen f\u00fcr diesen Hundesport.<\/p>\n\n\n\n<h3>F\u00fcr wen ist Hoopers geeignet ?\/ wer eignet sich f\u00fcr Hoopers ?<\/h3>\n\n\n\n<p>Hoopers ist f\u00fcr Jedermann und &#8222;Jederhund&#8220; geeignet! Alter, Rasse und Gr\u00f6\u00dfe spielen so gut wie keine Rolle. Voraussetzung jedoch ist, dass die Hunde freudig mitarbeiten. Es ist auch f\u00fcr Hunde geeignet, die aufgrund k\u00f6rperlicher Einschr\u00e4nkungen nicht (mehr) springen d\u00fcrfen. Auch f\u00fcr Hundef\u00fchrer, die nicht mehr ganz so \u201cgut zu Fu\u00df\u201d sind, ist diese Sportart bestens geeignet.<\/p>\n\n\n\n<h3>Wie funktioniert Hoopers genau?<\/h3>\n\n\n\n<p>Wie im klassischen Agility gibt es auch hier einen Ger\u00e4teparcours, der in einer bestimmten Reihenfolge vom Hund durchlaufen werden muss. Anders als im Agility muss der Hund in einem Hoopers Parcours nicht springen. Der Parcours ist in der Regel sehr weitl\u00e4ufig und besteht aus B\u00f6gen (Hoops), Tunneln, Tonnen (Barrels) und Z\u00e4unen (Gates). Die Reihenfolge, Distanz und Anzahl der Gr\u00e4te richtet sich nach dem K\u00f6nnen bzw. der Klasse des jeweiligen Hund-Mensch-Teams.<br>Eine gro\u00dfe Besonderheit besteht darin, dass der Hundef\u00fchrer NICHT mitl\u00e4uft. Der Hundef\u00fchrer bringt seinen Hund zu Beginn an den Start und begibt sich dann in seinen festgelegten F\u00fchrbereich, den er w\u00e4hrend des Laufes nicht verlassen darf. Der Hund wird nur mit K\u00f6rpersprache, Sicht- und H\u00f6rzeichen auf Distanz durch den Parcours gef\u00fchrt.<\/p>\n","protected":false},"excerpt":{"rendered":"<p>Hoopers ist ein Hundesport f\u00fcr Hund und Mensch.Hoopers, auch bekannt unter Hoopers-Agility oder N.A.D.A.C Hoppers, ist eine Sportart aus den USA. Diese, in Europa noch relativ junge Hundesportart, findet langsam aber sicher immer mehr Anh\u00e4nger und Begeisterung in der Hundeszene und ist in der Zwischenzeit auch schon in einigen DVG Vereinen angekommen. Es erscheint an &hellip; <\/p>\n<p class=\"link-more\"><a href=\"https:\/\/hundesport-rehwiese.com\/soeren\/hoopers\/\" class=\"more-link\"><span class=\"screen-reader-text\">\u201e<\/p>\n<h2>Hoopers<\/p>\n<h2>\u201c<\/span> weiterlesen<\/a><\/p>\n","protected":false},"author":2,"featured_media":0,"parent":0,"menu_order":0,"comment_status":"closed","ping_status":"closed","template":"","meta":[],"yoast_head":"<!-- This site is optimized with the Yoast SEO plugin v15.5 - https:\/\/yoast.com\/wordpress\/plugins\/seo\/ -->\n<title>Hoopers - HSV Duisburg-Rehwiese e.v.<\/title>\n<meta name=\"robots\" content=\"noindex, follow\" \/>\n<meta property=\"og:locale\" content=\"de_DE\" \/>\n<meta property=\"og:type\" content=\"article\" \/>\n<meta property=\"og:title\" content=\"Hoopers - HSV Duisburg-Rehwiese e.v.\" \/>\n<meta property=\"og:description\" content=\"Hoopers ist ein Hundesport f\u00fcr Hund und Mensch.Hoopers, auch bekannt unter Hoopers-Agility oder N.A.D.A.C Hoppers, ist eine Sportart aus den USA. Diese, in Europa noch relativ junge Hundesportart, findet langsam aber sicher immer mehr Anh\u00e4nger und Begeisterung in der Hundeszene und ist in der Zwischenzeit auch schon in einigen DVG Vereinen angekommen. Es erscheint an &hellip; \u201eHoopers\u201c weiterlesen\" \/>\n<meta property=\"og:url\" content=\"http:\/\/hundesport-rehwiese.com\/soeren\/hoopers\/\" \/>\n<meta property=\"og:site_name\" content=\"HSV Duisburg-Rehwiese e.v.\" \/>\n<meta property=\"article:modified_time\" content=\"2020-10-25T21:28:00+00:00\" \/>\n<meta property=\"og:image\" content=\"https:\/\/www.dvg-hundesport.de\/file\/aa81840865848bf701663db2f7e66d93.de.0\/hoopers1.png?derivate=usage%3Dposter%2Cwidth~250\" \/>\n<meta name=\"twitter:card\" content=\"summary_large_image\" \/>\n<meta name=\"twitter:label1\" content=\"Gesch\u00e4tzte Lesezeit\">\n\t<meta name=\"twitter:data1\" content=\"1\u00a0Minute\">\n<script type=\"application\/ld+json\" class=\"yoast-schema-graph\">{\"@context\":\"https:\/\/schema.org\",\"@graph\":[{\"@type\":\"WebSite\",\"@id\":\"https:\/\/hundesport-rehwiese.com\/soeren\/#website\",\"url\":\"https:\/\/hundesport-rehwiese.com\/soeren\/\",\"name\":\"hundesport-rehwiese.com\",\"description\":\"Hundesport in Duisburg\",\"potentialAction\":[{\"@type\":\"SearchAction\",\"target\":\"https:\/\/hundesport-rehwiese.com\/soeren\/?s={search_term_string}\",\"query-input\":\"required name=search_term_string\"}],\"inLanguage\":\"de\"},{\"@type\":\"ImageObject\",\"@id\":\"http:\/\/hundesport-rehwiese.com\/soeren\/hoopers\/#primaryimage\",\"inLanguage\":\"de\",\"url\":\"https:\/\/www.dvg-hundesport.de\/file\/aa81840865848bf701663db2f7e66d93.de.0\/hoopers1.png?derivate=usage%3Dposter%2Cwidth~250\"},{\"@type\":\"WebPage\",\"@id\":\"http:\/\/hundesport-rehwiese.com\/soeren\/hoopers\/#webpage\",\"url\":\"http:\/\/hundesport-rehwiese.com\/soeren\/hoopers\/\",\"name\":\"Hoopers - HSV Duisburg-Rehwiese e.v.\",\"isPartOf\":{\"@id\":\"https:\/\/hundesport-rehwiese.com\/soeren\/#website\"},\"primaryImageOfPage\":{\"@id\":\"http:\/\/hundesport-rehwiese.com\/soeren\/hoopers\/#primaryimage\"},\"datePublished\":\"2020-06-22T09:19:38+00:00\",\"dateModified\":\"2020-10-25T21:28:00+00:00\",\"inLanguage\":\"de\",\"potentialAction\":[{\"@type\":\"ReadAction\",\"target\":[\"http:\/\/hundesport-rehwiese.com\/soeren\/hoopers\/\"]}]}]}<\/script>\n<!-- \/ Yoast SEO plugin. -->","_links":{"self":[{"href":"https:\/\/hundesport-rehwiese.com\/soeren\/wp-json\/wp\/v2\/pages\/640"}],"collection":[{"href":"https:\/\/hundesport-rehwiese.com\/soeren\/wp-json\/wp\/v2\/pages"}],"about":[{"href":"https:\/\/hundesport-rehwiese.com\/soeren\/wp-json\/wp\/v2\/types\/page"}],"author":[{"embeddable":true,"href":"https:\/\/hundesport-rehwiese.com\/soeren\/wp-json\/wp\/v2\/users\/2"}],"replies":[{"embeddable":true,"href":"https:\/\/hundesport-rehwiese.com\/soeren\/wp-json\/wp\/v2\/comments?post=640"}],"version-history":[{"count":3,"href":"https:\/\/hundesport-rehwiese.com\/soeren\/wp-json\/wp\/v2\/pages\/640\/revisions"}],"predecessor-version":[{"id":760,"href":"https:\/\/hundesport-rehwiese.com\/soeren\/wp-json\/wp\/v2\/pages\/640\/revisions\/760"}],"wp:attachment":[{"href":"https:\/\/hundesport-rehwiese.com\/soeren\/wp-json\/wp\/v2\/media?parent=640"}],"curies":[{"name":"wp","href":"https:\/\/api.w.org\/{rel}","templated":true}]}}