{"id":672,"date":"2020-07-05T13:59:21","date_gmt":"2020-07-05T11:59:21","guid":{"rendered":"http:\/\/hundesport-rehwiese.com\/soeren\/?page_id=672"},"modified":"2020-10-25T22:30:29","modified_gmt":"2020-10-25T21:30:29","slug":"obedience","status":"publish","type":"page","link":"https:\/\/hundesport-rehwiese.com\/soeren\/obedience\/","title":{"rendered":"<h2>Obedience<h2>"},"content":{"rendered":"\n<div class=\"wp-block-nextend-smartslider3\"><\/div>\n\n\n\n<p><span class=\"has-inline-color has-vivid-red-color\"><strong><em>Aktuell bieten wir diese Sportart nur vereinsintern an.<\/em><\/strong><\/span><\/p>\n\n\n\n<h2>Was ist Obedience?<\/h2>\n\n\n\n<p>Zu dieser Sportart geh\u00f6rt neben der vollst\u00e4ndigen Beherrschung der Basish\u00f6rzeichen auch das Apportieren von unterschiedlichen Materialien (Holz, Metall). Besonders wichtig ist beim Obedience die Kontrolle auf Distanz. Dabei lenkt der Hundef\u00fchrer seinen Hund nur durch H\u00f6r- und Satzzeichen aus gr\u00f6\u00dferer Entfernung. Auf diese Anweisungen hin muss der Hund pr\u00e4zise zwischen der Sitz-, Steh-, und Platz-Position wechseln, wird zu unterschiedlichen Markierungspunkten geschickt und muss zwischen rechts und links unterscheiden k\u00f6nnen.<\/p>\n\n\n\n<p>Beim Richtungsapport wird der Hund gezielt zu einem der drei ausgelegten Bringh\u00f6lzer geschickt (Mitte, rechte Seite, linke Seite) und darf nur das angezeigte Objekt apportieren. Ein weiteres Element beim Obedience ist die Geruchsidentifikation. Aus mehreren identischen Objekten muss der Hund das herausfinden, welches der Hundef\u00fchrer vorher ber\u00fchrt hat.<\/p>\n\n\n\n<p>Worin der Sinn von Obedience liegt? Diese Sportart gibt Hundesportlern die M\u00f6glichkeit, ihre Vierbeiner sinnvoll zu besch\u00e4ftigen. Die Arbeitsweise der Spitzenteams fasziniert viele Hundebesitzer. Pr\u00e4zises und regelm\u00e4\u00dfiges Training ist Grundvoraussetzung f\u00fcr den Erfolg in diesem Sport. Die Arbeitsfreude der Hunde sollte dabei aber immer im Vordergrund stehen.<\/p>\n\n\n\n<p>Dass w\u00e4hrend eines Wettkampfes in allen Leistungsklassen die Sozialvertr\u00e4glichkeit aller teilnehmenden Hunde immer wieder \u00fcberpr\u00fcft wird, ist ein weiterer sehr wichtiger Effekt.<\/p>\n\n\n\n<p>Kein Wunder, dass Obedience viele Hundehalter anspricht. Eigentlich findet sich jeder in diesem Sport wieder, der sich gerne mit seinem Hund besch\u00e4ftigt. Spa\u00df an Gehorsamkeits\u00fcbungen sollte man auf jeden Fall haben. Ehrgeiz, der allerdings nicht auf Kosten des Hundes gehen darf, geh\u00f6rt nat\u00fcrlich auch dazu.<\/p>\n\n\n\n<p>Quelle:  https:\/\/www.vdh.de\/hundesport\/obedience\/<\/p>\n","protected":false},"excerpt":{"rendered":"<p>Aktuell bieten wir diese Sportart nur vereinsintern an. Was ist Obedience? Zu dieser Sportart geh\u00f6rt neben der vollst\u00e4ndigen Beherrschung der Basish\u00f6rzeichen auch das Apportieren von unterschiedlichen Materialien (Holz, Metall). Besonders wichtig ist beim Obedience die Kontrolle auf Distanz. Dabei lenkt der Hundef\u00fchrer seinen Hund nur durch H\u00f6r- und Satzzeichen aus gr\u00f6\u00dferer Entfernung. Auf diese Anweisungen &hellip; <\/p>\n<p class=\"link-more\"><a href=\"https:\/\/hundesport-rehwiese.com\/soeren\/obedience\/\" class=\"more-link\"><span class=\"screen-reader-text\">\u201e<\/p>\n<h2>Obedience<\/p>\n<h2>\u201c<\/span> weiterlesen<\/a><\/p>\n","protected":false},"author":2,"featured_media":0,"parent":0,"menu_order":0,"comment_status":"closed","ping_status":"closed","template":"","meta":[],"yoast_head":"<!-- This site is optimized with the Yoast SEO plugin v15.5 - https:\/\/yoast.com\/wordpress\/plugins\/seo\/ -->\n<title>Obedience - HSV Duisburg-Rehwiese e.v.<\/title>\n<meta name=\"robots\" content=\"noindex, follow\" \/>\n<meta property=\"og:locale\" content=\"de_DE\" \/>\n<meta property=\"og:type\" content=\"article\" \/>\n<meta property=\"og:title\" content=\"Obedience - HSV Duisburg-Rehwiese e.v.\" \/>\n<meta property=\"og:description\" content=\"Aktuell bieten wir diese Sportart nur vereinsintern an. Was ist Obedience? Zu dieser Sportart geh\u00f6rt neben der vollst\u00e4ndigen Beherrschung der Basish\u00f6rzeichen auch das Apportieren von unterschiedlichen Materialien (Holz, Metall). Besonders wichtig ist beim Obedience die Kontrolle auf Distanz. Dabei lenkt der Hundef\u00fchrer seinen Hund nur durch H\u00f6r- und Satzzeichen aus gr\u00f6\u00dferer Entfernung. Auf diese Anweisungen &hellip; \u201eObedience\u201c weiterlesen\" \/>\n<meta property=\"og:url\" content=\"http:\/\/hundesport-rehwiese.com\/soeren\/obedience\/\" \/>\n<meta property=\"og:site_name\" content=\"HSV Duisburg-Rehwiese e.v.\" \/>\n<meta property=\"article:modified_time\" content=\"2020-10-25T21:30:29+00:00\" \/>\n<meta name=\"twitter:card\" content=\"summary_large_image\" \/>\n<meta name=\"twitter:label1\" content=\"Gesch\u00e4tzte Lesezeit\">\n\t<meta name=\"twitter:data1\" content=\"1\u00a0Minute\">\n<script type=\"application\/ld+json\" class=\"yoast-schema-graph\">{\"@context\":\"https:\/\/schema.org\",\"@graph\":[{\"@type\":\"WebSite\",\"@id\":\"https:\/\/hundesport-rehwiese.com\/soeren\/#website\",\"url\":\"https:\/\/hundesport-rehwiese.com\/soeren\/\",\"name\":\"hundesport-rehwiese.com\",\"description\":\"Hundesport in Duisburg\",\"potentialAction\":[{\"@type\":\"SearchAction\",\"target\":\"https:\/\/hundesport-rehwiese.com\/soeren\/?s={search_term_string}\",\"query-input\":\"required name=search_term_string\"}],\"inLanguage\":\"de\"},{\"@type\":\"WebPage\",\"@id\":\"http:\/\/hundesport-rehwiese.com\/soeren\/obedience\/#webpage\",\"url\":\"http:\/\/hundesport-rehwiese.com\/soeren\/obedience\/\",\"name\":\"Obedience - HSV Duisburg-Rehwiese e.v.\",\"isPartOf\":{\"@id\":\"https:\/\/hundesport-rehwiese.com\/soeren\/#website\"},\"datePublished\":\"2020-07-05T11:59:21+00:00\",\"dateModified\":\"2020-10-25T21:30:29+00:00\",\"inLanguage\":\"de\",\"potentialAction\":[{\"@type\":\"ReadAction\",\"target\":[\"http:\/\/hundesport-rehwiese.com\/soeren\/obedience\/\"]}]}]}<\/script>\n<!-- \/ Yoast SEO plugin. -->","_links":{"self":[{"href":"https:\/\/hundesport-rehwiese.com\/soeren\/wp-json\/wp\/v2\/pages\/672"}],"collection":[{"href":"https:\/\/hundesport-rehwiese.com\/soeren\/wp-json\/wp\/v2\/pages"}],"about":[{"href":"https:\/\/hundesport-rehwiese.com\/soeren\/wp-json\/wp\/v2\/types\/page"}],"author":[{"embeddable":true,"href":"https:\/\/hundesport-rehwiese.com\/soeren\/wp-json\/wp\/v2\/users\/2"}],"replies":[{"embeddable":true,"href":"https:\/\/hundesport-rehwiese.com\/soeren\/wp-json\/wp\/v2\/comments?post=672"}],"version-history":[{"count":5,"href":"https:\/\/hundesport-rehwiese.com\/soeren\/wp-json\/wp\/v2\/pages\/672\/revisions"}],"predecessor-version":[{"id":763,"href":"https:\/\/hundesport-rehwiese.com\/soeren\/wp-json\/wp\/v2\/pages\/672\/revisions\/763"}],"wp:attachment":[{"href":"https:\/\/hundesport-rehwiese.com\/soeren\/wp-json\/wp\/v2\/media?parent=672"}],"curies":[{"name":"wp","href":"https:\/\/api.w.org\/{rel}","templated":true}]}}